{"id":5675,"date":"2024-01-11T16:31:51","date_gmt":"2024-01-11T16:31:51","guid":{"rendered":"https:\/\/shop.gentlemancrafts.it\/prodotto\/leather-man-wallet\/"},"modified":"2024-01-29T08:43:16","modified_gmt":"2024-01-29T08:43:16","slug":"leather-man-wallet","status":"publish","type":"product","link":"https:\/\/shop.gentlemancrafts.it\/en\/prodotto\/leather-man-wallet\/","title":{"rendered":"Leather Man Wallet"},"content":{"rendered":"","protected":false},"excerpt":{"rendered":"<p>Oggetti realizzati in Concia vegetale, un\u2019antica tecnica di lavorazione delle pelli, la cui tradizione viene tramandata da secoli tra i mastri conciatori. Tutt\u2019oggi in uso per la sua capacit\u00e0 di impartire al cuoio propriet\u00e0 inconfondibili, versatilit\u00e0 d\u2019impiego e unicit\u00e0 del prodotto.<br \/>\nLe pelli utilizzate vengono successivamente tinte in botte, una tecnica che garantisce una colorazione uniforme ed estremamente resistente.( Nero,rosso, navy blue, dark brown,naturale cognac ).<br \/>\nTutti i prodotti Gentleman Crafts, vengono rigorosamente lavorati a mano, utilizzando le tecniche di un tempo.<br \/>\nLe incisioni sono realizzate una ad una a mano, quindi non sempre saranno uguali.<\/p>\n<p>Objects made of vegetable tanning, an ancient leather processing technique, the tradition of which has been handed down for centuries among master tanners. Still in use today for its ability to impart unmistakable properties to the leather, versatility of use and uniqueness of the product.<br \/>\nThe leathers used are then dyed in barrel, a technique that guarantees a uniform and extremely resistant color (black, red, navy blue, dark brown, natural cognac).<br \/>\nAll Gentleman Crafts products are strictly handmade, using the techniques of the past.<br \/>\nThe engravings are made one by one by hand, so they will not always be the sam<\/p>\n","protected":false},"featured_media":5671,"comment_status":"closed","ping_status":"closed","template":"","meta":[],"product_cat":[250],"product_tag":[637,338,21,307,305,635,638,636,306,309],"_links":{"self":[{"href":"https:\/\/shop.gentlemancrafts.it\/en\/wp-json\/wp\/v2\/product\/5675"}],"collection":[{"href":"https:\/\/shop.gentlemancrafts.it\/en\/wp-json\/wp\/v2\/product"}],"about":[{"href":"https:\/\/shop.gentlemancrafts.it\/en\/wp-json\/wp\/v2\/types\/product"}],"replies":[{"embeddable":true,"href":"https:\/\/shop.gentlemancrafts.it\/en\/wp-json\/wp\/v2\/comments?post=5675"}],"wp:featuredmedia":[{"embeddable":true,"href":"https:\/\/shop.gentlemancrafts.it\/en\/wp-json\/wp\/v2\/media\/5671"}],"wp:attachment":[{"href":"https:\/\/shop.gentlemancrafts.it\/en\/wp-json\/wp\/v2\/media?parent=5675"}],"wp:term":[{"taxonomy":"product_cat","embeddable":true,"href":"https:\/\/shop.gentlemancrafts.it\/en\/wp-json\/wp\/v2\/product_cat?post=5675"},{"taxonomy":"product_tag","embeddable":true,"href":"https:\/\/shop.gentlemancrafts.it\/en\/wp-json\/wp\/v2\/product_tag?post=5675"}],"curies":[{"name":"wp","href":"https:\/\/api.w.org\/{rel}","templated":true}]}}