{"id":5357,"date":"2024-01-11T16:10:22","date_gmt":"2024-01-11T16:10:22","guid":{"rendered":"https:\/\/shop.gentlemancrafts.it\/prodotto\/leather-wrist-camera-strap\/"},"modified":"2024-01-29T08:47:11","modified_gmt":"2024-01-29T08:47:11","slug":"leather-wrist-camera-strap","status":"publish","type":"product","link":"https:\/\/shop.gentlemancrafts.it\/en\/prodotto\/leather-wrist-camera-strap\/","title":{"rendered":"Leather Wrist Camera Strap"},"content":{"rendered":"","protected":false},"excerpt":{"rendered":"<p>Cosa hanno di speciale i miei lacci?<br \/>\nInnanzitutto la materia prima \u00e8 pelle della migliore qualit\u00e0, reperita nelle concerie toscane, le pi\u00f9 famose e rinomate al mondo; garantendo una lunga durata nel tempo e un accessorio all\u2019altezza delle nostre preziose fotocamere.<\/p>\n<p>Per questo motivo \u00e8 possibile scegliere qualsiasi optional, dalla dimensione, al colore del filo, alla lunghezza. Se lo vuoi intrecciato, con moschettone, anello o peak design.<\/p>\n<p>Questo laccio classico \u00e8 creato con concia vegetale spessa da 2 a 2.5 mm. \u00c8 ovviamente completamente personalizzabile<\/p>\n<p>Why are my camera straps special?<br \/>\nFirst of all the raw material they\u2019re made from is prime quality leather, bought from tuscany tanneries, the most famous and renowned; this guarantees a long lasting accessory, one that is worthy of our precious cameras.<\/p>\n<p>For this reason it is possible to choose any optional, sizing, color and length. If you would like it braided, with carabiner, key ring or peak design anchor links.<\/p>\n<p>This classic strap is made with vegetable tanned leather 2 to 2.5mm thick. It is fully customizable of course<\/p>\n","protected":false},"featured_media":5349,"comment_status":"closed","ping_status":"closed","template":"","meta":[],"product_cat":[254],"product_tag":[549,438,429,430,327,43,47,436,432,439,431,435],"_links":{"self":[{"href":"https:\/\/shop.gentlemancrafts.it\/en\/wp-json\/wp\/v2\/product\/5357"}],"collection":[{"href":"https:\/\/shop.gentlemancrafts.it\/en\/wp-json\/wp\/v2\/product"}],"about":[{"href":"https:\/\/shop.gentlemancrafts.it\/en\/wp-json\/wp\/v2\/types\/product"}],"replies":[{"embeddable":true,"href":"https:\/\/shop.gentlemancrafts.it\/en\/wp-json\/wp\/v2\/comments?post=5357"}],"wp:featuredmedia":[{"embeddable":true,"href":"https:\/\/shop.gentlemancrafts.it\/en\/wp-json\/wp\/v2\/media\/5349"}],"wp:attachment":[{"href":"https:\/\/shop.gentlemancrafts.it\/en\/wp-json\/wp\/v2\/media?parent=5357"}],"wp:term":[{"taxonomy":"product_cat","embeddable":true,"href":"https:\/\/shop.gentlemancrafts.it\/en\/wp-json\/wp\/v2\/product_cat?post=5357"},{"taxonomy":"product_tag","embeddable":true,"href":"https:\/\/shop.gentlemancrafts.it\/en\/wp-json\/wp\/v2\/product_tag?post=5357"}],"curies":[{"name":"wp","href":"https:\/\/api.w.org\/{rel}","templated":true}]}}