{"id":4913,"date":"2024-01-11T15:35:28","date_gmt":"2024-01-11T15:35:28","guid":{"rendered":"https:\/\/shop.gentlemancrafts.it\/prodotto\/giulia-bag\/"},"modified":"2024-01-29T08:52:06","modified_gmt":"2024-01-29T08:52:06","slug":"giulia-bag","status":"publish","type":"product","link":"https:\/\/shop.gentlemancrafts.it\/en\/prodotto\/giulia-bag\/","title":{"rendered":"Giulia Bag"},"content":{"rendered":"","protected":false},"excerpt":{"rendered":"<p>Elegante e compatta borsa a tracolla da donna con chiusura a zip. Realizzata in splendida pelle Epsom stampa Alpina colore blu elettrico e impreziosita dall\u2019interno rivestito in pregiata capra francese blu.<br \/>\nMisure H 29cm nel punto pi\u00f9 alto, 18 cm nel punto pi\u00f9 basso x L 28cm x Profondit\u00e0 9cm<br \/>\nElegant and compact women&#8217;s shoulder bag with zip closure. Made of splendid Alpina-print Epsom leather in electric blue and embellished with the interior lined in fine French blue goatskin.<br \/>\nMeasurements H 29cm at the highest point, 18cm at the lowest point x L 28cm x Depth 9cm<\/p>\n","protected":false},"featured_media":4906,"comment_status":"closed","ping_status":"closed","template":"","meta":[],"product_cat":[260],"product_tag":[444,445,447,449,448,451,450,446,362,443,313],"_links":{"self":[{"href":"https:\/\/shop.gentlemancrafts.it\/en\/wp-json\/wp\/v2\/product\/4913"}],"collection":[{"href":"https:\/\/shop.gentlemancrafts.it\/en\/wp-json\/wp\/v2\/product"}],"about":[{"href":"https:\/\/shop.gentlemancrafts.it\/en\/wp-json\/wp\/v2\/types\/product"}],"replies":[{"embeddable":true,"href":"https:\/\/shop.gentlemancrafts.it\/en\/wp-json\/wp\/v2\/comments?post=4913"}],"wp:featuredmedia":[{"embeddable":true,"href":"https:\/\/shop.gentlemancrafts.it\/en\/wp-json\/wp\/v2\/media\/4906"}],"wp:attachment":[{"href":"https:\/\/shop.gentlemancrafts.it\/en\/wp-json\/wp\/v2\/media?parent=4913"}],"wp:term":[{"taxonomy":"product_cat","embeddable":true,"href":"https:\/\/shop.gentlemancrafts.it\/en\/wp-json\/wp\/v2\/product_cat?post=4913"},{"taxonomy":"product_tag","embeddable":true,"href":"https:\/\/shop.gentlemancrafts.it\/en\/wp-json\/wp\/v2\/product_tag?post=4913"}],"curies":[{"name":"wp","href":"https:\/\/api.w.org\/{rel}","templated":true}]}}