{"id":4773,"date":"2024-01-11T15:28:36","date_gmt":"2024-01-11T15:28:36","guid":{"rendered":"https:\/\/shop.gentlemancrafts.it\/prodotto\/zaino-mini-adventure\/"},"modified":"2024-01-29T09:17:20","modified_gmt":"2024-01-29T09:17:20","slug":"zaino-mini-adventure","status":"publish","type":"product","link":"https:\/\/shop.gentlemancrafts.it\/en\/prodotto\/zaino-mini-adventure\/","title":{"rendered":"Zaino Mini Adventure"},"content":{"rendered":"","protected":false},"excerpt":{"rendered":"<p>Questo zaino \u00e8 nato dalla mia voglia di realizzare un prodotto che fosse capiente ed utilizzabile tutti i giorni, senza rinunciare allo stile. Fratello minore dello Zaino Adventure, si presenta con una pelle bottalata (scegli se richiederlo monocromatico o abbinando pi\u00f9 colori), in dimensioni compatte, ma senza rinunciare alla capienza. In pi\u00f9 grazie alla possibilit\u00e0 di scegliere l&#8217;aggiunta di due comode tasche esterne con chiusura a zip o a girello, lo spazio aumenta! Scegli una delle due varianti o personalizzalo tu stesso!<\/p>\n<p>Misure h 36cm x l 22 x profondit\u00e0 16<\/p>\n","protected":false},"featured_media":4766,"comment_status":"closed","ping_status":"closed","template":"","meta":[],"product_cat":[266],"product_tag":[370,209,369,49,19,367,21,20,368,366],"_links":{"self":[{"href":"https:\/\/shop.gentlemancrafts.it\/en\/wp-json\/wp\/v2\/product\/4773"}],"collection":[{"href":"https:\/\/shop.gentlemancrafts.it\/en\/wp-json\/wp\/v2\/product"}],"about":[{"href":"https:\/\/shop.gentlemancrafts.it\/en\/wp-json\/wp\/v2\/types\/product"}],"replies":[{"embeddable":true,"href":"https:\/\/shop.gentlemancrafts.it\/en\/wp-json\/wp\/v2\/comments?post=4773"}],"wp:featuredmedia":[{"embeddable":true,"href":"https:\/\/shop.gentlemancrafts.it\/en\/wp-json\/wp\/v2\/media\/4766"}],"wp:attachment":[{"href":"https:\/\/shop.gentlemancrafts.it\/en\/wp-json\/wp\/v2\/media?parent=4773"}],"wp:term":[{"taxonomy":"product_cat","embeddable":true,"href":"https:\/\/shop.gentlemancrafts.it\/en\/wp-json\/wp\/v2\/product_cat?post=4773"},{"taxonomy":"product_tag","embeddable":true,"href":"https:\/\/shop.gentlemancrafts.it\/en\/wp-json\/wp\/v2\/product_tag?post=4773"}],"curies":[{"name":"wp","href":"https:\/\/api.w.org\/{rel}","templated":true}]}}